{"id":1888,"date":"2020-01-31T10:46:21","date_gmt":"2020-01-31T09:46:21","guid":{"rendered":"https:\/\/sisomarketing.com\/?page_id=1888"},"modified":"2025-02-28T08:49:59","modified_gmt":"2025-02-28T07:49:59","slug":"kontakt","status":"publish","type":"page","link":"https:\/\/sisomarketing.com\/pl\/kontakt\/","title":{"rendered":"Informacje kontaktowe"},"content":{"rendered":"\t\t<div data-elementor-type=\"wp-page\" data-elementor-id=\"1888\" class=\"elementor elementor-1888\">\n\t\t\t\t\t\t<section class=\"elementor-section elementor-top-section elementor-element elementor-element-d5101ee elementor-section-boxed elementor-section-height-default elementor-section-height-default\" data-id=\"d5101ee\" data-element_type=\"section\" data-e-type=\"section\">\n\t\t\t\t\t\t<div class=\"elementor-container elementor-column-gap-default\">\n\t\t\t\t\t<div class=\"elementor-column elementor-col-100 elementor-top-column elementor-element elementor-element-464e777\" data-id=\"464e777\" data-element_type=\"column\" data-e-type=\"column\">\n\t\t\t<div class=\"elementor-widget-wrap elementor-element-populated\">\n\t\t\t\t\t\t<div class=\"elementor-element elementor-element-aa9b887 elementor-widget elementor-widget-seosight_title\" data-id=\"aa9b887\" data-element_type=\"widget\" data-e-type=\"widget\" data-widget_type=\"seosight_title.default\">\n\t\t\t\t<div class=\"elementor-widget-container\">\n\t\t\t\t\t\t\t<header class=\"crumina-module crumina-heading align-left\" >\n\t\t\t\t\t\t<div class=\"title-text-wrap\">\n\t\t    \t<h2 class=\"heading-title\">\n\t\t\t\t\tKontakt z SISO\t\t\t\t<\/h2>\n\t\t\t\t\t\t    <\/div>\n\t\t\t<div class=\"heading-decoration\">\t\t    <span class=\"first\"><\/span><span class=\"second\"><\/span>\n\t\t\t<\/div>\t\t        <div class=\"h5 heading-text\">SISO to sprawdzona agencja marketingowa. Wype\u0142nij formularz, aby si\u0119 z nami skontaktowa\u0107.<br \/><\/br>Niezale\u017cnie od tego, czy masz pytania dotycz\u0105ce naszych us\u0142ug, cen, Twojego projektu, czy czegokolwiek innego, nasz zesp\u00f3\u0142 jest gotowy, aby udzieli\u0107 Ci odpowiedzi.<\/div>\n\t\t\t\t\t<\/header>\n\t\t\t\t\t\t<\/div>\n\t\t\t\t<\/div>\n\t\t\t\t<div class=\"elementor-element elementor-element-f6de4d1 elementor-widget elementor-widget-shortcode\" data-id=\"f6de4d1\" data-element_type=\"widget\" data-e-type=\"widget\" data-widget_type=\"shortcode.default\">\n\t\t\t\t<div class=\"elementor-widget-container\">\n\t\t\t\t\t\t\t<div class=\"elementor-shortcode\"><div class=\"wpforms-container wpforms-container-full\" id=\"wpforms-2691\"><form id=\"wpforms-form-2691\" class=\"wpforms-validate wpforms-form wpforms-ajax-form\" data-formid=\"2691\" method=\"post\" enctype=\"multipart\/form-data\" action=\"\/pl\/wp-json\/wp\/v2\/pages\/1888\" data-token=\"bdfd0d25f5cf8119b143ae31d69d2d45\"><noscript class=\"wpforms-error-noscript\">Aby wype\u0142ni\u0107 ten formularz, w\u0142\u0105cz obs\u0142ug\u0119 JavaScript w przegl\u0105darce.<\/noscript><div class=\"wpforms-field-container\"><div id=\"wpforms-2691-field_3-container\" class=\"wpforms-field wpforms-field-text\" data-field-id=\"3\"><label class=\"wpforms-field-label\" for=\"wpforms-2691-field_3\">Strona www<\/label><input type=\"text\" id=\"wpforms-2691-field_3\" class=\"wpforms-field-medium\" name=\"wpforms[fields][3]\" ><\/div><div id=\"wpforms-2691-field_0-container\" class=\"wpforms-field wpforms-field-name\" data-field-id=\"0\"><label class=\"wpforms-field-label\" for=\"wpforms-2691-field_0\">Imi\u0119 i nazwisko <span class=\"wpforms-required-label\">*<\/span><\/label><input type=\"text\" id=\"wpforms-2691-field_0\" class=\"wpforms-field-medium wpforms-field-required\" name=\"wpforms[fields][0]\" required><\/div><div id=\"wpforms-2691-field_1-container\" class=\"wpforms-field wpforms-field-email\" data-field-id=\"1\"><label class=\"wpforms-field-label\" for=\"wpforms-2691-field_1\">Email <span class=\"wpforms-required-label\">*<\/span><\/label><input type=\"email\" id=\"wpforms-2691-field_1\" class=\"wpforms-field-medium wpforms-field-required\" name=\"wpforms[fields][1]\" required><\/div><div id=\"wpforms-2691-field_4-container\" class=\"wpforms-field wpforms-field-phone\" data-field-id=\"4\"><label class=\"wpforms-field-label\" for=\"wpforms-2691-field_4\">Telefon<\/label><input type=\"tel\" id=\"wpforms-2691-field_4\" class=\"wpforms-field-medium wpforms-smart-phone-field\" data-rule-smart-phone-field=\"true\" name=\"wpforms[fields][4]\" ><\/div><div id=\"wpforms-2691-field_2-container\" class=\"wpforms-field wpforms-field-textarea\" data-field-id=\"2\"><label class=\"wpforms-field-label\" for=\"wpforms-2691-field_2\">Wiadomo\u015b\u0107 <span class=\"wpforms-required-label\">*<\/span><\/label><textarea id=\"wpforms-2691-field_2\" class=\"wpforms-field-medium wpforms-field-required\" name=\"wpforms[fields][2]\" required><\/textarea><\/div><\/div><div class=\"wpforms-recaptcha-container wpforms-is-hcaptcha\"><div class=\"g-recaptcha\" data-sitekey=\"a6981c98-e7c6-435e-989a-ef42c26c8818\"><\/div><input type=\"text\" name=\"g-recaptcha-hidden\" class=\"wpforms-recaptcha-hidden\" style=\"position:absolute!important;clip:rect(0,0,0,0)!important;height:1px!important;width:1px!important;border:0!important;overflow:hidden!important;padding:0!important;margin:0!important;\" required><\/div><div class=\"wpforms-submit-container\"><input type=\"hidden\" name=\"wpforms[id]\" value=\"2691\"><input type=\"hidden\" name=\"wpforms[author]\" value=\"1\"><button type=\"submit\" name=\"wpforms[submit]\" id=\"wpforms-submit-2691\" class=\"wpforms-submit\" data-alt-text=\"Wysy\u0142anie...\" data-submit-text=\"Wy\u015blij\" aria-live=\"assertive\" value=\"wpforms-submit\">Wy\u015blij<\/button><img decoding=\"async\" src=\"https:\/\/sisomarketing.com\/wp-content\/plugins\/wpforms\/assets\/images\/submit-spin.svg\" class=\"wpforms-submit-spinner\" style=\"display: none;\" width=\"26\" height=\"26\" alt=\"\"><\/div><\/form><\/div>  <!-- .wpforms-container --><\/div>\n\t\t\t\t\t\t<\/div>\n\t\t\t\t<\/div>\n\t\t\t\t\t<\/div>\n\t\t<\/div>\n\t\t\t\t\t<\/div>\n\t\t<\/section>\n\t\t\t\t<\/div>\n\t\t","protected":false},"excerpt":{"rendered":"<p>Kontakt z SISO SISO to sprawdzona agencja marketingowa. Wype\u0142nij formularz, aby si\u0119 z nami skontaktowa\u0107.Niezale\u017cnie od tego, czy masz pytania dotycz\u0105ce naszych us\u0142ug, cen, Twojego projektu, czy czegokolwiek innego, nasz zesp\u00f3\u0142 jest gotowy, aby udzieli\u0107 Ci odpowiedzi.<\/p>\n<\/p><div class=\"more-link\"><a href=\"https:\/\/sisomarketing.com\/pl\/kontakt\/\" class=\"btn btn-small btn--dark btn-hover-shadow\"><span class=\"text\">Continue Reading<\/span><i class=\"seoicon-right-arrow\"><\/i><\/a><\/div>","protected":false},"author":1,"featured_media":0,"parent":0,"menu_order":0,"comment_status":"closed","ping_status":"closed","template":"","meta":{"footnotes":""},"class_list":["post-1888","page","type-page","status-publish","hentry"],"yoast_head":"<!-- This site is optimized with the Yoast SEO Premium plugin v25.6 (Yoast SEO v27.0) - https:\/\/yoast.com\/product\/yoast-seo-premium-wordpress\/ -->\n<title>Informacje kontaktowe<\/title>\n<meta name=\"robots\" content=\"index, follow, max-snippet:-1, max-image-preview:large, max-video-preview:-1\" \/>\n<link rel=\"canonical\" href=\"https:\/\/sisomarketing.com\/pl\/kontakt\/\" \/>\n<meta property=\"og:locale\" content=\"pl_PL\" \/>\n<meta property=\"og:type\" content=\"article\" \/>\n<meta property=\"og:title\" content=\"Informacje kontaktowe\" \/>\n<meta property=\"og:description\" content=\"Kontakt z SISO SISO to sprawdzona agencja marketingowa. Wype\u0142nij formularz, aby si\u0119 z nami skontaktowa\u0107.Niezale\u017cnie od tego, czy masz pytania dotycz\u0105ce naszych us\u0142ug, cen, Twojego projektu, czy czegokolwiek innego, nasz zesp\u00f3\u0142 jest gotowy, aby udzieli\u0107 Ci odpowiedzi.\" \/>\n<meta property=\"og:url\" content=\"https:\/\/sisomarketing.com\/pl\/kontakt\/\" \/>\n<meta property=\"og:site_name\" content=\"SISO - Agnecja Marketingowa\" \/>\n<meta property=\"article:modified_time\" content=\"2025-02-28T07:49:59+00:00\" \/>\n<meta name=\"twitter:card\" content=\"summary_large_image\" \/>\n<meta name=\"twitter:label1\" content=\"Szacowany czas czytania\" \/>\n\t<meta name=\"twitter:data1\" content=\"1 minuta\" \/>\n<script type=\"application\/ld+json\" class=\"yoast-schema-graph\">{\"@context\":\"https:\/\/schema.org\",\"@graph\":[{\"@type\":\"WebPage\",\"@id\":\"https:\/\/sisomarketing.com\/pl\/kontakt\/\",\"url\":\"https:\/\/sisomarketing.com\/pl\/kontakt\/\",\"name\":\"Informacje kontaktowe\",\"isPartOf\":{\"@id\":\"https:\/\/sisomarketing.com\/#website\"},\"datePublished\":\"2020-01-31T09:46:21+00:00\",\"dateModified\":\"2025-02-28T07:49:59+00:00\",\"breadcrumb\":{\"@id\":\"https:\/\/sisomarketing.com\/pl\/kontakt\/#breadcrumb\"},\"inLanguage\":\"pl-PL\",\"potentialAction\":[{\"@type\":\"ReadAction\",\"target\":[\"https:\/\/sisomarketing.com\/pl\/kontakt\/\"]}]},{\"@type\":\"BreadcrumbList\",\"@id\":\"https:\/\/sisomarketing.com\/pl\/kontakt\/#breadcrumb\",\"itemListElement\":[{\"@type\":\"ListItem\",\"position\":1,\"name\":\"Home\",\"item\":\"https:\/\/sisomarketing.com\/\"},{\"@type\":\"ListItem\",\"position\":2,\"name\":\"Informacje kontaktowe\"}]},{\"@type\":\"WebSite\",\"@id\":\"https:\/\/sisomarketing.com\/#website\",\"url\":\"https:\/\/sisomarketing.com\/\",\"name\":\"SISO - Agnecja Marketingowa\",\"description\":\"\",\"potentialAction\":[{\"@type\":\"SearchAction\",\"target\":{\"@type\":\"EntryPoint\",\"urlTemplate\":\"https:\/\/sisomarketing.com\/?s={search_term_string}\"},\"query-input\":{\"@type\":\"PropertyValueSpecification\",\"valueRequired\":true,\"valueName\":\"search_term_string\"}}],\"inLanguage\":\"pl-PL\"}]}<\/script>\n<!-- \/ Yoast SEO Premium plugin. -->","yoast_head_json":{"title":"Informacje kontaktowe","robots":{"index":"index","follow":"follow","max-snippet":"max-snippet:-1","max-image-preview":"max-image-preview:large","max-video-preview":"max-video-preview:-1"},"canonical":"https:\/\/sisomarketing.com\/pl\/kontakt\/","og_locale":"pl_PL","og_type":"article","og_title":"Informacje kontaktowe","og_description":"Kontakt z SISO SISO to sprawdzona agencja marketingowa. Wype\u0142nij formularz, aby si\u0119 z nami skontaktowa\u0107.Niezale\u017cnie od tego, czy masz pytania dotycz\u0105ce naszych us\u0142ug, cen, Twojego projektu, czy czegokolwiek innego, nasz zesp\u00f3\u0142 jest gotowy, aby udzieli\u0107 Ci odpowiedzi.","og_url":"https:\/\/sisomarketing.com\/pl\/kontakt\/","og_site_name":"SISO - Agnecja Marketingowa","article_modified_time":"2025-02-28T07:49:59+00:00","twitter_card":"summary_large_image","twitter_misc":{"Szacowany czas czytania":"1 minuta"},"schema":{"@context":"https:\/\/schema.org","@graph":[{"@type":"WebPage","@id":"https:\/\/sisomarketing.com\/pl\/kontakt\/","url":"https:\/\/sisomarketing.com\/pl\/kontakt\/","name":"Informacje kontaktowe","isPartOf":{"@id":"https:\/\/sisomarketing.com\/#website"},"datePublished":"2020-01-31T09:46:21+00:00","dateModified":"2025-02-28T07:49:59+00:00","breadcrumb":{"@id":"https:\/\/sisomarketing.com\/pl\/kontakt\/#breadcrumb"},"inLanguage":"pl-PL","potentialAction":[{"@type":"ReadAction","target":["https:\/\/sisomarketing.com\/pl\/kontakt\/"]}]},{"@type":"BreadcrumbList","@id":"https:\/\/sisomarketing.com\/pl\/kontakt\/#breadcrumb","itemListElement":[{"@type":"ListItem","position":1,"name":"Home","item":"https:\/\/sisomarketing.com\/"},{"@type":"ListItem","position":2,"name":"Informacje kontaktowe"}]},{"@type":"WebSite","@id":"https:\/\/sisomarketing.com\/#website","url":"https:\/\/sisomarketing.com\/","name":"SISO - Agnecja Marketingowa","description":"","potentialAction":[{"@type":"SearchAction","target":{"@type":"EntryPoint","urlTemplate":"https:\/\/sisomarketing.com\/?s={search_term_string}"},"query-input":{"@type":"PropertyValueSpecification","valueRequired":true,"valueName":"search_term_string"}}],"inLanguage":"pl-PL"}]}},"_links":{"self":[{"href":"https:\/\/sisomarketing.com\/pl\/wp-json\/wp\/v2\/pages\/1888","targetHints":{"allow":["GET"]}}],"collection":[{"href":"https:\/\/sisomarketing.com\/pl\/wp-json\/wp\/v2\/pages"}],"about":[{"href":"https:\/\/sisomarketing.com\/pl\/wp-json\/wp\/v2\/types\/page"}],"author":[{"embeddable":true,"href":"https:\/\/sisomarketing.com\/pl\/wp-json\/wp\/v2\/users\/1"}],"replies":[{"embeddable":true,"href":"https:\/\/sisomarketing.com\/pl\/wp-json\/wp\/v2\/comments?post=1888"}],"version-history":[{"count":0,"href":"https:\/\/sisomarketing.com\/pl\/wp-json\/wp\/v2\/pages\/1888\/revisions"}],"wp:attachment":[{"href":"https:\/\/sisomarketing.com\/pl\/wp-json\/wp\/v2\/media?parent=1888"}],"curies":[{"name":"wp","href":"https:\/\/api.w.org\/{rel}","templated":true}]}}