{"id":1823,"date":"2020-01-28T13:33:39","date_gmt":"2020-01-28T12:33:39","guid":{"rendered":"https:\/\/sisomarketing.com\/?page_id=1823"},"modified":"2024-05-21T15:24:33","modified_gmt":"2024-05-21T13:24:33","slug":"o-naszej-agencji","status":"publish","type":"page","link":"https:\/\/sisomarketing.com\/pl\/o-naszej-agencji\/","title":{"rendered":"O naszej agencji"},"content":{"rendered":"\t\t<div data-elementor-type=\"wp-page\" data-elementor-id=\"1823\" class=\"elementor elementor-1823\">\n\t\t\t\t\t\t<section class=\"elementor-section elementor-top-section elementor-element elementor-element-2a6aec5 elementor-section-boxed elementor-section-height-default elementor-section-height-default\" data-id=\"2a6aec5\" data-element_type=\"section\" data-e-type=\"section\">\n\t\t\t\t\t\t<div class=\"elementor-container elementor-column-gap-default\">\n\t\t\t\t\t<div class=\"elementor-column elementor-col-100 elementor-top-column elementor-element elementor-element-434eacd\" data-id=\"434eacd\" data-element_type=\"column\" data-e-type=\"column\">\n\t\t\t<div class=\"elementor-widget-wrap elementor-element-populated\">\n\t\t\t\t\t\t<div class=\"elementor-element elementor-element-6a33f40 elementor-widget elementor-widget-seosight_title\" data-id=\"6a33f40\" data-element_type=\"widget\" data-e-type=\"widget\" data-widget_type=\"seosight_title.default\">\n\t\t\t\t<div class=\"elementor-widget-container\">\n\t\t\t\t\t\t\t<header class=\"crumina-module crumina-heading align-left\" >\n\t\t\t\t\t\t<div class=\"title-text-wrap\">\n\t\t    \t<h2 class=\"heading-title\">\n\t\t\t\t\tO SISO\t\t\t\t<\/h2>\n\t\t\t\t\t\t    <\/div>\n\t\t\t<div class=\"heading-decoration\">\t\t    <span class=\"first\"><\/span><span class=\"second\"><\/span>\n\t\t\t<\/div>\t\t        <div class=\"h5 heading-text\">Od 14 lat \u015bwiadczymy wyj\u0105tkowe us\u0142ugi marketingu cyfrowego dla naszych wspania\u0142ych klient\u00f3w. Tworzymy przemy\u015blane, elastyczne strategie i realizujemy je z pe\u0142n\u0105 pasj\u0105 i zaanga\u017cowaniem.<\/div>\n\t\t\t\t\t<\/header>\n\t\t\t\t\t\t<\/div>\n\t\t\t\t<\/div>\n\t\t\t\t<section class=\"elementor-section elementor-inner-section elementor-element elementor-element-a5967b1 elementor-section-boxed elementor-section-height-default elementor-section-height-default\" data-id=\"a5967b1\" data-element_type=\"section\" data-e-type=\"section\">\n\t\t\t\t\t\t<div class=\"elementor-container elementor-column-gap-default\">\n\t\t\t\t\t<div class=\"elementor-column elementor-col-100 elementor-inner-column elementor-element elementor-element-306569f\" data-id=\"306569f\" data-element_type=\"column\" data-e-type=\"column\">\n\t\t\t<div class=\"elementor-widget-wrap elementor-element-populated\">\n\t\t\t\t\t\t<div class=\"elementor-element elementor-element-5429644 elementor-widget elementor-widget-text-editor\" data-id=\"5429644\" data-element_type=\"widget\" data-e-type=\"widget\" data-widget_type=\"text-editor.default\">\n\t\t\t\t<div class=\"elementor-widget-container\">\n\t\t\t\t\t\t\t\t\t<p>Bez pot\u0119\u017cnej strategii Twoja firma b\u0119dzie si\u0119 zatrzymywa\u0107. Ka\u017cdego dnia miliony ludzi na ca\u0142ym \u015bwiecie korzystaj\u0105 z Google, aby szuka\u0107 informacji, produkt\u00f3w i us\u0142ug, kt\u00f3re oferujesz. Posiadanie dobrej strony internetowej to za ma\u0142o. Bez silnej obecno\u015bci w sieci nikt nie b\u0119dzie wiedzia\u0142, \u017ce istniejesz.<\/p><p>W SISO nie tylko informujemy Ci\u0119 o Twojej obecno\u015bci w sieci, ale tak\u017ce pomagamy poprawi\u0107 rozpoznawalno\u015b\u0107 marki, zwi\u0119kszy\u0107 pozycje w wyszukiwarkach i zwi\u0119kszy\u0107 ruch na stronie.<\/p>\t\t\t\t\t\t\t\t<\/div>\n\t\t\t\t<\/div>\n\t\t\t\t\t<\/div>\n\t\t<\/div>\n\t\t\t\t\t<\/div>\n\t\t<\/section>\n\t\t\t\t<div class=\"elementor-element elementor-element-b53f650 elementor-widget elementor-widget-heading\" data-id=\"b53f650\" data-element_type=\"widget\" data-e-type=\"widget\" data-widget_type=\"heading.default\">\n\t\t\t\t<div class=\"elementor-widget-container\">\n\t\t\t\t\t<h4 class=\"elementor-heading-title elementor-size-default\">Kim jeste\u015bmy?<\/h4>\t\t\t\t<\/div>\n\t\t\t\t<\/div>\n\t\t\t\t<div class=\"elementor-element elementor-element-a9202ba elementor-widget elementor-widget-text-editor\" data-id=\"a9202ba\" data-element_type=\"widget\" data-e-type=\"widget\" data-widget_type=\"text-editor.default\">\n\t\t\t\t<div class=\"elementor-widget-container\">\n\t\t\t\t\t\t\t\t\t<p>Prowadzimy nasz\u0105 agencj\u0119 od ponad 14 lat, specjalizuj\u0105c si\u0119 w projektowaniu profesjonalnych stron internetowych i opracowywaniu skutecznych strategii marketingowych. Tworzyli\u015bmy tak\u017ce zwyci\u0119skie kampanie SEO dla ma\u0142ych i du\u017cych firm.<\/p><p>Tworzenie stron internetowych i kampanii reklamowych z odpowiednim SEO, tre\u015bciami i s\u0142owami kluczowymi jest kluczowe dla przyci\u0105gni\u0119cia potencjalnych klient\u00f3w. Mo\u017cemy pom\u00f3c wprowadzi\u0107 Twoj\u0105 firm\u0119 do spo\u0142eczno\u015bci internetowej i ustawi\u0107 Twoj\u0105 obecno\u015b\u0107 online, niezale\u017cnie od tego, czy oferujesz us\u0142ugi profesjonalne, czy sprzedajesz produkty online.<\/p><p>SISO wsp\u00f3\u0142pracuje z klientami z bran\u017cy e-commerce, generowania lead\u00f3w, urody, us\u0142ug finansowych, mody, fitnessu, bran\u017cy tatua\u017cy, nieruchomo\u015bci, opieki zdrowotnej, SaaS, edukacji i budownictwa.<\/p>\t\t\t\t\t\t\t\t<\/div>\n\t\t\t\t<\/div>\n\t\t\t\t<div class=\"elementor-element elementor-element-5d17c09 elementor-widget elementor-widget-heading\" data-id=\"5d17c09\" data-element_type=\"widget\" data-e-type=\"widget\" data-widget_type=\"heading.default\">\n\t\t\t\t<div class=\"elementor-widget-container\">\n\t\t\t\t\t<h4 class=\"elementor-heading-title elementor-size-default\">Pozw\u00f3l nam pom\u00f3c<\/h4>\t\t\t\t<\/div>\n\t\t\t\t<\/div>\n\t\t\t\t<div class=\"elementor-element elementor-element-91c3a59 elementor-widget elementor-widget-text-editor\" data-id=\"91c3a59\" data-element_type=\"widget\" data-e-type=\"widget\" data-widget_type=\"text-editor.default\">\n\t\t\t\t<div class=\"elementor-widget-container\">\n\t\t\t\t\t\t\t\t\t<p>Skontaktuj si\u0119 z nami ju\u017c dzi\u015b, aby dowiedzie\u0107 si\u0119, jak mo\u017cemy pom\u00f3c w budowaniu grona odbiorc\u00f3w.<\/p>\t\t\t\t\t\t\t\t<\/div>\n\t\t\t\t<\/div>\n\t\t\t\t<div class=\"elementor-element elementor-element-4daa5d2 elementor-widget elementor-widget-seosight_button\" data-id=\"4daa5d2\" data-element_type=\"widget\" data-e-type=\"widget\" data-widget_type=\"seosight_button.default\">\n\t\t\t\t<div class=\"elementor-widget-container\">\n\t\t\t\t\t        <div class=\"crumina-module crum-button align-center\">\n            <a href=\"https:\/\/sisomarketing.com\/kontakt\/\" target=\"_self\"   class=\"btn btn-medium btn--primary icon-left   \">\n                <i class=\"es-icon-2 fas fa-mail-bulk\"><\/i><span class=\"text\">Skontaktuj si\u0119 z nami teraz<\/span>                <span class=\"semicircle\"><\/span>\n                            <\/a>\n        <\/div>\n        <style>\n            .es-icon-2:before{font-family: inherit;}\n            div.elementor-element-4daa5d2.inline-block, div.elementor-element-4daa5d2 .inline-block {display: inline-block; width: auto; float: none;}\n        <\/style>\n        <script>\n                                jQuery('[data-id=\"4daa5d2\"]').removeClass('inline-block crum-button').find('.elementor-widget-container,.elementor-element-overlay').removeClass('inline-block');\n                        <\/script>\n            \t\t\t\t<\/div>\n\t\t\t\t<\/div>\n\t\t\t\t\t<\/div>\n\t\t<\/div>\n\t\t\t\t\t<\/div>\n\t\t<\/section>\n\t\t\t\t<section class=\"elementor-section elementor-top-section elementor-element elementor-element-e7d48c5 elementor-section-stretched elementor-section-boxed elementor-section-height-default elementor-section-height-default\" data-id=\"e7d48c5\" data-element_type=\"section\" data-e-type=\"section\" data-settings=\"{&quot;stretch_section&quot;:&quot;section-stretched&quot;,&quot;background_background&quot;:&quot;classic&quot;}\">\n\t\t\t\t\t\t<div class=\"elementor-container elementor-column-gap-default\">\n\t\t\t\t\t<div class=\"elementor-column elementor-col-33 elementor-top-column elementor-element elementor-element-33e4040\" data-id=\"33e4040\" data-element_type=\"column\" data-e-type=\"column\">\n\t\t\t<div class=\"elementor-widget-wrap elementor-element-populated\">\n\t\t\t\t\t\t<div class=\"elementor-element elementor-element-9461d08 elementor-widget elementor-widget-seosight_info_box\" data-id=\"9461d08\" data-element_type=\"widget\" data-e-type=\"widget\" data-widget_type=\"seosight_info_box.default\">\n\t\t\t\t<div class=\"elementor-widget-container\">\n\t\t\t\t\t        <div class=\"crumina-module crumina-info-box info-box--standard-nofloat\">\n            <div class=\"info-box-image-cont\">\n                <div class=\"info-box-image\">\n\t\t\t\t\t<img decoding=\"async\" src=\"https:\/\/sisomarketing.com\/wp-content\/uploads\/2016\/11\/1456940902_message-02.svg\" class=\"attachment-full size-full\" alt=\"\" \/>                <\/div>\n            <\/div>\n            <div class=\"info-box-content\">\n\t\t\t\t                    <h5 class=\"info-box-title\">Doskona\u0142e wsparcie<\/h5>\n\t\t\t\t\t\t\t\t                    <div class=\"info-box-text\">Odpowiadamy na wszystkie zapytania w ci\u0105gu 24 godzin. Je\u015bli Twoja strona nie dzia\u0142a lub wyst\u0105pi\u0142a sytuacja awaryjna, szybko Ci pomo\u017cemy.<\/div>\n\t\t\t\t\t\t\t\t            <\/div>\n        <\/div>\n\t\t\t\t\t\t<\/div>\n\t\t\t\t<\/div>\n\t\t\t\t\t<\/div>\n\t\t<\/div>\n\t\t\t\t<div class=\"elementor-column elementor-col-33 elementor-top-column elementor-element elementor-element-334921c\" data-id=\"334921c\" data-element_type=\"column\" data-e-type=\"column\">\n\t\t\t<div class=\"elementor-widget-wrap elementor-element-populated\">\n\t\t\t\t\t\t<div class=\"elementor-element elementor-element-9edb73b elementor-widget elementor-widget-seosight_info_box\" data-id=\"9edb73b\" data-element_type=\"widget\" data-e-type=\"widget\" data-widget_type=\"seosight_info_box.default\">\n\t\t\t\t<div class=\"elementor-widget-container\">\n\t\t\t\t\t        <div class=\"crumina-module crumina-info-box info-box--standard-nofloat\">\n            <div class=\"info-box-image-cont\">\n                <div class=\"info-box-image\">\n\t\t\t\t\t<img decoding=\"async\" src=\"https:\/\/sisomarketing.com\/wp-content\/uploads\/2016\/11\/1456953255_Person_user_profile_man_avatar_login.svg\" class=\"attachment-full size-full\" alt=\"\" \/>                <\/div>\n            <\/div>\n            <div class=\"info-box-content\">\n\t\t\t\t                    <h5 class=\"info-box-title\">Niesamowity zesp\u00f3\u0142<\/h5>\n\t\t\t\t\t\t\t\t                    <div class=\"info-box-text\">Nasz zesp\u00f3\u0142 wykwalifikowanych specjalist\u00f3w b\u0119dzie wspiera\u0107 Tw\u00f3j biznes na ka\u017cdym etapie.<\/div>\n\t\t\t\t\t\t\t\t            <\/div>\n        <\/div>\n\t\t\t\t\t\t<\/div>\n\t\t\t\t<\/div>\n\t\t\t\t\t<\/div>\n\t\t<\/div>\n\t\t\t\t<div class=\"elementor-column elementor-col-33 elementor-top-column elementor-element elementor-element-e1bb6bc\" data-id=\"e1bb6bc\" data-element_type=\"column\" data-e-type=\"column\">\n\t\t\t<div class=\"elementor-widget-wrap elementor-element-populated\">\n\t\t\t\t\t\t<div class=\"elementor-element elementor-element-50c9893 elementor-widget elementor-widget-seosight_info_box\" data-id=\"50c9893\" data-element_type=\"widget\" data-e-type=\"widget\" data-widget_type=\"seosight_info_box.default\">\n\t\t\t\t<div class=\"elementor-widget-container\">\n\t\t\t\t\t        <div class=\"crumina-module crumina-info-box info-box--standard-nofloat\">\n            <div class=\"info-box-image-cont\">\n                <div class=\"info-box-image\">\n\t\t\t\t\t<img decoding=\"async\" src=\"https:\/\/sisomarketing.com\/wp-content\/uploads\/2016\/11\/1456953423_service-05.svg\" class=\"attachment-full size-full\" alt=\"\" \/>                <\/div>\n            <\/div>\n            <div class=\"info-box-content\">\n\t\t\t\t                    <h5 class=\"info-box-title\">Szybsza wydajno\u015b\u0107<\/h5>\n\t\t\t\t\t\t\t\t                    <div class=\"info-box-text\">Wszystko, co tworzymy na Twojej stronie, jest projektowane z my\u015bl\u0105 o szybko\u015bci i efektywno\u015bci.<\/div>\n\t\t\t\t\t\t\t\t            <\/div>\n        <\/div>\n\t\t\t\t\t\t<\/div>\n\t\t\t\t<\/div>\n\t\t\t\t\t<\/div>\n\t\t<\/div>\n\t\t\t\t\t<\/div>\n\t\t<\/section>\n\t\t\t\t<section class=\"elementor-section elementor-top-section elementor-element elementor-element-1571f45 elementor-section-stretched elementor-section-boxed elementor-section-height-default elementor-section-height-default\" data-id=\"1571f45\" data-element_type=\"section\" data-e-type=\"section\" data-settings=\"{&quot;stretch_section&quot;:&quot;section-stretched&quot;,&quot;background_background&quot;:&quot;classic&quot;}\">\n\t\t\t\t\t\t<div class=\"elementor-container elementor-column-gap-default\">\n\t\t\t\t\t<div class=\"elementor-column elementor-col-100 elementor-top-column elementor-element elementor-element-e9a2109\" data-id=\"e9a2109\" data-element_type=\"column\" data-e-type=\"column\">\n\t\t\t<div class=\"elementor-widget-wrap elementor-element-populated\">\n\t\t\t\t\t\t<div class=\"elementor-element elementor-element-103ddfd elementor-widget elementor-widget-seosight_title\" data-id=\"103ddfd\" data-element_type=\"widget\" data-e-type=\"widget\" data-widget_type=\"seosight_title.default\">\n\t\t\t\t<div class=\"elementor-widget-container\">\n\t\t\t\t\t\t\t<header class=\"crumina-module crumina-heading align-center small-section\" >\n\t\t\t\t\t\t<div class=\"title-text-wrap\">\n\t\t    \t<h2 class=\"heading-title\">\n\t\t\t\t\tNasze Motto\t\t\t\t<\/h2>\n\t\t\t\t\t\t    <\/div>\n\t\t\t<div class=\"heading-decoration\">\t\t    <span class=\"first\"><\/span><span class=\"second\"><\/span>\n\t\t\t<\/div>\t\t        <div class=\"h5 heading-text\">Kiedy nasi klienci odnosz\u0105 sukces, my r\u00f3wnie\u017c.<\/div>\n\t\t\t\t\t<\/header>\n\t\t\t\t\t\t<\/div>\n\t\t\t\t<\/div>\n\t\t\t\t\t<\/div>\n\t\t<\/div>\n\t\t\t\t\t<\/div>\n\t\t<\/section>\n\t\t\t\t<\/div>\n\t\t","protected":false},"excerpt":{"rendered":"<p>O SISO Od 14 lat \u015bwiadczymy wyj\u0105tkowe us\u0142ugi marketingu cyfrowego dla naszych wspania\u0142ych klient\u00f3w. Tworzymy przemy\u015blane, elastyczne strategie i realizujemy je z pe\u0142n\u0105 pasj\u0105 i zaanga\u017cowaniem. Bez pot\u0119\u017cnej strategii Twoja firma b\u0119dzie si\u0119 zatrzymywa\u0107. Ka\u017cdego dnia miliony ludzi na ca\u0142ym \u015bwiecie korzystaj\u0105 z Google, aby szuka\u0107 informacji, produkt\u00f3w i us\u0142ug, kt\u00f3re oferujesz. Posiadanie dobrej strony [&hellip;]<\/p>\n<\/p><div class=\"more-link\"><a href=\"https:\/\/sisomarketing.com\/pl\/o-naszej-agencji\/\" class=\"btn btn-small btn--dark btn-hover-shadow\"><span class=\"text\">Continue Reading<\/span><i class=\"seoicon-right-arrow\"><\/i><\/a><\/div>","protected":false},"author":1,"featured_media":0,"parent":0,"menu_order":0,"comment_status":"closed","ping_status":"closed","template":"","meta":{"footnotes":""},"class_list":["post-1823","page","type-page","status-publish","hentry"],"yoast_head":"<!-- This site is optimized with the Yoast SEO Premium plugin v25.6 (Yoast SEO v27.0) - https:\/\/yoast.com\/product\/yoast-seo-premium-wordpress\/ -->\n<title>O naszej agencji<\/title>\n<meta name=\"robots\" content=\"index, follow, max-snippet:-1, max-image-preview:large, max-video-preview:-1\" \/>\n<link rel=\"canonical\" href=\"https:\/\/sisomarketing.com\/about-our-agency\/\" \/>\n<meta property=\"og:locale\" content=\"pl_PL\" \/>\n<meta property=\"og:type\" content=\"article\" \/>\n<meta property=\"og:title\" content=\"O naszej agencji\" \/>\n<meta property=\"og:description\" content=\"O SISO Od 14 lat \u015bwiadczymy wyj\u0105tkowe us\u0142ugi marketingu cyfrowego dla naszych wspania\u0142ych klient\u00f3w. Tworzymy przemy\u015blane, elastyczne strategie i realizujemy je z pe\u0142n\u0105 pasj\u0105 i zaanga\u017cowaniem. Bez pot\u0119\u017cnej strategii Twoja firma b\u0119dzie si\u0119 zatrzymywa\u0107. Ka\u017cdego dnia miliony ludzi na ca\u0142ym \u015bwiecie korzystaj\u0105 z Google, aby szuka\u0107 informacji, produkt\u00f3w i us\u0142ug, kt\u00f3re oferujesz. Posiadanie dobrej strony [&hellip;]\" \/>\n<meta property=\"og:url\" content=\"https:\/\/sisomarketing.com\/about-our-agency\/\" \/>\n<meta property=\"og:site_name\" content=\"SISO - Agnecja Marketingowa\" \/>\n<meta property=\"article:modified_time\" content=\"2024-05-21T13:24:33+00:00\" \/>\n<meta property=\"og:image\" content=\"https:\/\/sisomarketing.com\/wp-content\/uploads\/2016\/11\/1456940902_message-02.svg\" \/>\n<meta name=\"twitter:card\" content=\"summary_large_image\" \/>\n<meta name=\"twitter:label1\" content=\"Szacowany czas czytania\" \/>\n\t<meta name=\"twitter:data1\" content=\"3 minuty\" \/>\n<script type=\"application\/ld+json\" class=\"yoast-schema-graph\">{\"@context\":\"https:\/\/schema.org\",\"@graph\":[{\"@type\":\"WebPage\",\"@id\":\"https:\/\/sisomarketing.com\/about-our-agency\/\",\"url\":\"https:\/\/sisomarketing.com\/about-our-agency\/\",\"name\":\"O naszej agencji\",\"isPartOf\":{\"@id\":\"https:\/\/sisomarketing.com\/#website\"},\"primaryImageOfPage\":{\"@id\":\"https:\/\/sisomarketing.com\/about-our-agency\/#primaryimage\"},\"image\":{\"@id\":\"https:\/\/sisomarketing.com\/about-our-agency\/#primaryimage\"},\"thumbnailUrl\":\"https:\/\/sisomarketing.com\/wp-content\/uploads\/2016\/11\/1456940902_message-02.svg\",\"datePublished\":\"2020-01-28T12:33:39+00:00\",\"dateModified\":\"2024-05-21T13:24:33+00:00\",\"breadcrumb\":{\"@id\":\"https:\/\/sisomarketing.com\/about-our-agency\/#breadcrumb\"},\"inLanguage\":\"pl-PL\",\"potentialAction\":[{\"@type\":\"ReadAction\",\"target\":[\"https:\/\/sisomarketing.com\/about-our-agency\/\"]}]},{\"@type\":\"ImageObject\",\"inLanguage\":\"pl-PL\",\"@id\":\"https:\/\/sisomarketing.com\/about-our-agency\/#primaryimage\",\"url\":\"https:\/\/sisomarketing.com\/wp-content\/uploads\/2016\/11\/1456940902_message-02.svg\",\"contentUrl\":\"https:\/\/sisomarketing.com\/wp-content\/uploads\/2016\/11\/1456940902_message-02.svg\"},{\"@type\":\"BreadcrumbList\",\"@id\":\"https:\/\/sisomarketing.com\/about-our-agency\/#breadcrumb\",\"itemListElement\":[{\"@type\":\"ListItem\",\"position\":1,\"name\":\"Home\",\"item\":\"https:\/\/sisomarketing.com\/\"},{\"@type\":\"ListItem\",\"position\":2,\"name\":\"O naszej agencji\"}]},{\"@type\":\"WebSite\",\"@id\":\"https:\/\/sisomarketing.com\/#website\",\"url\":\"https:\/\/sisomarketing.com\/\",\"name\":\"SISO - Agnecja Marketingowa\",\"description\":\"\",\"potentialAction\":[{\"@type\":\"SearchAction\",\"target\":{\"@type\":\"EntryPoint\",\"urlTemplate\":\"https:\/\/sisomarketing.com\/?s={search_term_string}\"},\"query-input\":{\"@type\":\"PropertyValueSpecification\",\"valueRequired\":true,\"valueName\":\"search_term_string\"}}],\"inLanguage\":\"pl-PL\"}]}<\/script>\n<!-- \/ Yoast SEO Premium plugin. -->","yoast_head_json":{"title":"O naszej agencji","robots":{"index":"index","follow":"follow","max-snippet":"max-snippet:-1","max-image-preview":"max-image-preview:large","max-video-preview":"max-video-preview:-1"},"canonical":"https:\/\/sisomarketing.com\/about-our-agency\/","og_locale":"pl_PL","og_type":"article","og_title":"O naszej agencji","og_description":"O SISO Od 14 lat \u015bwiadczymy wyj\u0105tkowe us\u0142ugi marketingu cyfrowego dla naszych wspania\u0142ych klient\u00f3w. Tworzymy przemy\u015blane, elastyczne strategie i realizujemy je z pe\u0142n\u0105 pasj\u0105 i zaanga\u017cowaniem. Bez pot\u0119\u017cnej strategii Twoja firma b\u0119dzie si\u0119 zatrzymywa\u0107. Ka\u017cdego dnia miliony ludzi na ca\u0142ym \u015bwiecie korzystaj\u0105 z Google, aby szuka\u0107 informacji, produkt\u00f3w i us\u0142ug, kt\u00f3re oferujesz. Posiadanie dobrej strony [&hellip;]","og_url":"https:\/\/sisomarketing.com\/about-our-agency\/","og_site_name":"SISO - Agnecja Marketingowa","article_modified_time":"2024-05-21T13:24:33+00:00","og_image":[{"url":"https:\/\/sisomarketing.com\/wp-content\/uploads\/2016\/11\/1456940902_message-02.svg","type":"","width":"","height":""}],"twitter_card":"summary_large_image","twitter_misc":{"Szacowany czas czytania":"3 minuty"},"schema":{"@context":"https:\/\/schema.org","@graph":[{"@type":"WebPage","@id":"https:\/\/sisomarketing.com\/about-our-agency\/","url":"https:\/\/sisomarketing.com\/about-our-agency\/","name":"O naszej agencji","isPartOf":{"@id":"https:\/\/sisomarketing.com\/#website"},"primaryImageOfPage":{"@id":"https:\/\/sisomarketing.com\/about-our-agency\/#primaryimage"},"image":{"@id":"https:\/\/sisomarketing.com\/about-our-agency\/#primaryimage"},"thumbnailUrl":"https:\/\/sisomarketing.com\/wp-content\/uploads\/2016\/11\/1456940902_message-02.svg","datePublished":"2020-01-28T12:33:39+00:00","dateModified":"2024-05-21T13:24:33+00:00","breadcrumb":{"@id":"https:\/\/sisomarketing.com\/about-our-agency\/#breadcrumb"},"inLanguage":"pl-PL","potentialAction":[{"@type":"ReadAction","target":["https:\/\/sisomarketing.com\/about-our-agency\/"]}]},{"@type":"ImageObject","inLanguage":"pl-PL","@id":"https:\/\/sisomarketing.com\/about-our-agency\/#primaryimage","url":"https:\/\/sisomarketing.com\/wp-content\/uploads\/2016\/11\/1456940902_message-02.svg","contentUrl":"https:\/\/sisomarketing.com\/wp-content\/uploads\/2016\/11\/1456940902_message-02.svg"},{"@type":"BreadcrumbList","@id":"https:\/\/sisomarketing.com\/about-our-agency\/#breadcrumb","itemListElement":[{"@type":"ListItem","position":1,"name":"Home","item":"https:\/\/sisomarketing.com\/"},{"@type":"ListItem","position":2,"name":"O naszej agencji"}]},{"@type":"WebSite","@id":"https:\/\/sisomarketing.com\/#website","url":"https:\/\/sisomarketing.com\/","name":"SISO - Agnecja Marketingowa","description":"","potentialAction":[{"@type":"SearchAction","target":{"@type":"EntryPoint","urlTemplate":"https:\/\/sisomarketing.com\/?s={search_term_string}"},"query-input":{"@type":"PropertyValueSpecification","valueRequired":true,"valueName":"search_term_string"}}],"inLanguage":"pl-PL"}]}},"_links":{"self":[{"href":"https:\/\/sisomarketing.com\/pl\/wp-json\/wp\/v2\/pages\/1823","targetHints":{"allow":["GET"]}}],"collection":[{"href":"https:\/\/sisomarketing.com\/pl\/wp-json\/wp\/v2\/pages"}],"about":[{"href":"https:\/\/sisomarketing.com\/pl\/wp-json\/wp\/v2\/types\/page"}],"author":[{"embeddable":true,"href":"https:\/\/sisomarketing.com\/pl\/wp-json\/wp\/v2\/users\/1"}],"replies":[{"embeddable":true,"href":"https:\/\/sisomarketing.com\/pl\/wp-json\/wp\/v2\/comments?post=1823"}],"version-history":[{"count":0,"href":"https:\/\/sisomarketing.com\/pl\/wp-json\/wp\/v2\/pages\/1823\/revisions"}],"wp:attachment":[{"href":"https:\/\/sisomarketing.com\/pl\/wp-json\/wp\/v2\/media?parent=1823"}],"curies":[{"name":"wp","href":"https:\/\/api.w.org\/{rel}","templated":true}]}}