{"id":1819,"date":"2020-01-28T12:38:50","date_gmt":"2020-01-28T11:38:50","guid":{"rendered":"https:\/\/sisomarketing.com\/?page_id=1819"},"modified":"2022-07-19T15:53:20","modified_gmt":"2022-07-19T13:53:20","slug":"nasze-uslugi","status":"publish","type":"page","link":"https:\/\/sisomarketing.com\/pl\/nasze-uslugi\/","title":{"rendered":"Nasze us\u0142ugi"},"content":{"rendered":"\t\t<div data-elementor-type=\"wp-page\" data-elementor-id=\"1819\" class=\"elementor elementor-1819\">\n\t\t\t\t\t\t<section class=\"elementor-section elementor-top-section elementor-element elementor-element-9139aef elementor-section-boxed elementor-section-height-default elementor-section-height-default\" data-id=\"9139aef\" data-element_type=\"section\" data-e-type=\"section\">\n\t\t\t\t\t\t<div class=\"elementor-container elementor-column-gap-default\">\n\t\t\t\t\t<div class=\"elementor-column elementor-col-100 elementor-top-column elementor-element elementor-element-4bd968a\" data-id=\"4bd968a\" data-element_type=\"column\" data-e-type=\"column\">\n\t\t\t<div class=\"elementor-widget-wrap elementor-element-populated\">\n\t\t\t\t\t\t<section class=\"elementor-section elementor-inner-section elementor-element elementor-element-86ca2eb elementor-section-boxed elementor-section-height-default elementor-section-height-default\" data-id=\"86ca2eb\" data-element_type=\"section\" data-e-type=\"section\">\n\t\t\t\t\t\t<div class=\"elementor-container elementor-column-gap-default\">\n\t\t\t\t\t<div class=\"elementor-column elementor-col-33 elementor-inner-column elementor-element elementor-element-6feebb4\" data-id=\"6feebb4\" data-element_type=\"column\" data-e-type=\"column\">\n\t\t\t<div class=\"elementor-widget-wrap elementor-element-populated\">\n\t\t\t\t\t\t<div class=\"elementor-element elementor-element-6d82693 elementor-widget elementor-widget-seosight_title\" data-id=\"6d82693\" data-element_type=\"widget\" data-e-type=\"widget\" data-widget_type=\"seosight_title.default\">\n\t\t\t\t<div class=\"elementor-widget-container\">\n\t\t\t\t\t\t\t<header class=\"crumina-module crumina-heading align-left\" >\n\t\t\t\t\t\t<div class=\"title-text-wrap\">\n\t\t    \t<h2 class=\"heading-title\">\n\t\t\t\t\tUs\u0142ugi Naszej Agencji Cyfrowej\t\t\t\t<\/h2>\n\t\t\t\t\t\t    <\/div>\n\t\t\t<div class=\"heading-decoration\">\t\t    <span class=\"first\"><\/span><span class=\"second\"><\/span>\n\t\t\t<\/div>\t\t<\/header>\n\t\t\t\t\t\t<\/div>\n\t\t\t\t<\/div>\n\t\t\t\t<div class=\"elementor-element elementor-element-809a0a8 elementor-widget elementor-widget-seosight_button\" data-id=\"809a0a8\" data-element_type=\"widget\" data-e-type=\"widget\" data-widget_type=\"seosight_button.default\">\n\t\t\t\t<div class=\"elementor-widget-container\">\n\t\t\t\t\t        <div class=\"crumina-module crum-button inline-block\">\n            <a href=\"#\" class=\"btn btn-medium btn--dark icon-right btn-hover-shadow  \">\n                <span class=\"text\">Bezp\u0142atna Analiza SEO<\/span>                <span class=\"semicircle\"><\/span>\n                            <\/a>\n        <\/div>\n        <style>\n            .es-icon-2:before{font-family: inherit;}\n            div.elementor-element-809a0a8.inline-block, div.elementor-element-809a0a8 .inline-block {display: inline-block; width: auto; float: none;}\n        <\/style>\n        <script>\n                                jQuery('[data-id=\"809a0a8\"]').addClass('inline-block crum-button').find('.elementor-widget-container,.elementor-element-overlay').addClass('inline-block');\n                        <\/script>\n            \t\t\t\t<\/div>\n\t\t\t\t<\/div>\n\t\t\t\t\t<\/div>\n\t\t<\/div>\n\t\t\t\t<div class=\"elementor-column elementor-col-33 elementor-inner-column elementor-element elementor-element-af8b7b3\" data-id=\"af8b7b3\" data-element_type=\"column\" data-e-type=\"column\">\n\t\t\t<div class=\"elementor-widget-wrap elementor-element-populated\">\n\t\t\t\t\t\t<div class=\"elementor-element elementor-element-e3a9f61 elementor-widget elementor-widget-seosight_promo_block\" data-id=\"e3a9f61\" data-element_type=\"widget\" data-e-type=\"widget\" data-widget_type=\"seosight_promo_block.default\">\n\t\t\t\t<div class=\"elementor-widget-container\">\n\t\t\t\t\t        \n        <div class=\"crumina-module crumina-servises-item bg-border-color servises-item-reverse-color\" style=\"text-align: center;\">\n            <div class=\"servises-item__thumb\"><img fetchpriority=\"high\" decoding=\"async\" width=\"276\" height=\"230\" src=\"https:\/\/sisomarketing.com\/wp-content\/uploads\/2016\/12\/services1.png\" class=\"attachment-full size-full\" alt=\"Pozycjonowanie Stron\" \/><\/div>                            <h5 class=\"servises-title\" align=\"left\"><a href=\"https:\/\/sisomarketing.com\/pozycjonowanie-stron\/\" target=\"_self\">Pozycjonowanie Stron<\/a><\/h5>\n                                    <a class=\"promo-link\" href=\"https:\/\/sisomarketing.com\/pozycjonowanie-stron\/\" target=\"_self\" title=\"\" ><span class=\"text\"> <\/span><i class=\"seoicon-right-arrow\"><\/i><\/a>        <\/div>\n        \t\t\t\t<\/div>\n\t\t\t\t<\/div>\n\t\t\t\t\t<\/div>\n\t\t<\/div>\n\t\t\t\t<div class=\"elementor-column elementor-col-33 elementor-inner-column elementor-element elementor-element-5b31b56\" data-id=\"5b31b56\" data-element_type=\"column\" data-e-type=\"column\">\n\t\t\t<div class=\"elementor-widget-wrap elementor-element-populated\">\n\t\t\t\t\t\t<div class=\"elementor-element elementor-element-cfbff05 elementor-widget elementor-widget-seosight_promo_block\" data-id=\"cfbff05\" data-element_type=\"widget\" data-e-type=\"widget\" data-widget_type=\"seosight_promo_block.default\">\n\t\t\t\t<div class=\"elementor-widget-container\">\n\t\t\t\t\t        \n        <div class=\"crumina-module crumina-servises-item bg-border-color servises-item-reverse-color\" style=\"text-align: center;\">\n            <div class=\"servises-item__thumb\"><img decoding=\"async\" width=\"265\" height=\"230\" src=\"https:\/\/sisomarketing.com\/wp-content\/uploads\/2016\/12\/services2.png\" class=\"attachment-full size-full\" alt=\"Pozycjonowanie Lokalne\" \/><\/div>                            <h5 class=\"servises-title\" align=\"left\"><a href=\"https:\/\/sisomarketing.com\/pozycjonowanie-lokalne\/\" target=\"_self\">Pozycjonowanie Lokalne<\/a><\/h5>\n                                    <a class=\"promo-link\" href=\"https:\/\/sisomarketing.com\/pozycjonowanie-lokalne\/\" target=\"_self\" title=\"\" ><span class=\"text\"> <\/span><i class=\"seoicon-right-arrow\"><\/i><\/a>        <\/div>\n        \t\t\t\t<\/div>\n\t\t\t\t<\/div>\n\t\t\t\t\t<\/div>\n\t\t<\/div>\n\t\t\t\t\t<\/div>\n\t\t<\/section>\n\t\t\t\t<section class=\"elementor-section elementor-inner-section elementor-element elementor-element-ca8d906 elementor-section-boxed elementor-section-height-default elementor-section-height-default\" data-id=\"ca8d906\" data-element_type=\"section\" data-e-type=\"section\">\n\t\t\t\t\t\t<div class=\"elementor-container elementor-column-gap-default\">\n\t\t\t\t\t<div class=\"elementor-column elementor-col-33 elementor-inner-column elementor-element elementor-element-5725738\" data-id=\"5725738\" data-element_type=\"column\" data-e-type=\"column\">\n\t\t\t<div class=\"elementor-widget-wrap elementor-element-populated\">\n\t\t\t\t\t\t<div class=\"elementor-element elementor-element-e890c99 elementor-widget elementor-widget-seosight_promo_block\" data-id=\"e890c99\" data-element_type=\"widget\" data-e-type=\"widget\" data-widget_type=\"seosight_promo_block.default\">\n\t\t\t\t<div class=\"elementor-widget-container\">\n\t\t\t\t\t        \n        <div class=\"crumina-module crumina-servises-item bg-border-color servises-item-reverse-color\" style=\"text-align: center;\">\n            <div class=\"servises-item__thumb\"><img decoding=\"async\" width=\"267\" height=\"230\" src=\"https:\/\/sisomarketing.com\/wp-content\/uploads\/2016\/12\/services3.png\" class=\"attachment-full size-full\" alt=\"Social Media Marketing\" \/><\/div>                            <h5 class=\"servises-title\" align=\"left\"><a href=\"https:\/\/sisomarketing.com\/social-media-marketing\/\" target=\"_self\">Social Media Marketing<\/a><\/h5>\n                                    <a class=\"promo-link\" href=\"https:\/\/sisomarketing.com\/social-media-marketing\/\" target=\"_self\" title=\"\" ><span class=\"text\"> <\/span><i class=\"seoicon-right-arrow\"><\/i><\/a>        <\/div>\n        \t\t\t\t<\/div>\n\t\t\t\t<\/div>\n\t\t\t\t\t<\/div>\n\t\t<\/div>\n\t\t\t\t<div class=\"elementor-column elementor-col-33 elementor-inner-column elementor-element elementor-element-781802a\" data-id=\"781802a\" data-element_type=\"column\" data-e-type=\"column\">\n\t\t\t<div class=\"elementor-widget-wrap elementor-element-populated\">\n\t\t\t\t\t\t<div class=\"elementor-element elementor-element-61a69b1 elementor-widget elementor-widget-seosight_promo_block\" data-id=\"61a69b1\" data-element_type=\"widget\" data-e-type=\"widget\" data-widget_type=\"seosight_promo_block.default\">\n\t\t\t\t<div class=\"elementor-widget-container\">\n\t\t\t\t\t        \n        <div class=\"crumina-module crumina-servises-item bg-border-color servises-item-reverse-color\" style=\"text-align: center;\">\n            <div class=\"servises-item__thumb\"><img loading=\"lazy\" decoding=\"async\" width=\"256\" height=\"230\" src=\"https:\/\/sisomarketing.com\/wp-content\/uploads\/2016\/12\/services4.png\" class=\"attachment-full size-full\" alt=\"E-mail Marketing\" \/><\/div>                            <h5 class=\"servises-title\" align=\"left\"><a href=\"https:\/\/sisomarketing.com\/email-marketing\/\" target=\"_self\">E-mail Marketing<\/a><\/h5>\n                                    <a class=\"promo-link\" href=\"https:\/\/sisomarketing.com\/email-marketing\/\" target=\"_self\" title=\"\" ><span class=\"text\"> <\/span><i class=\"seoicon-right-arrow\"><\/i><\/a>        <\/div>\n        \t\t\t\t<\/div>\n\t\t\t\t<\/div>\n\t\t\t\t\t<\/div>\n\t\t<\/div>\n\t\t\t\t<div class=\"elementor-column elementor-col-33 elementor-inner-column elementor-element elementor-element-2ca4d8e\" data-id=\"2ca4d8e\" data-element_type=\"column\" data-e-type=\"column\">\n\t\t\t<div class=\"elementor-widget-wrap elementor-element-populated\">\n\t\t\t\t\t\t<div class=\"elementor-element elementor-element-26b5f2a elementor-widget elementor-widget-seosight_promo_block\" data-id=\"26b5f2a\" data-element_type=\"widget\" data-e-type=\"widget\" data-widget_type=\"seosight_promo_block.default\">\n\t\t\t\t<div class=\"elementor-widget-container\">\n\t\t\t\t\t        \n        <div class=\"crumina-module crumina-servises-item bg-border-color servises-item-reverse-color\" style=\"text-align: center;\">\n            <div class=\"servises-item__thumb\"><img loading=\"lazy\" decoding=\"async\" width=\"235\" height=\"230\" src=\"https:\/\/sisomarketing.com\/wp-content\/uploads\/2016\/12\/services5.png\" class=\"attachment-full size-full\" alt=\"Zarz\u0105dzanie PPC\" \/><\/div>                            <h5 class=\"servises-title\" align=\"left\"><a href=\"https:\/\/sisomarketing.com\/pay-per-click-ppc\/\" target=\"_self\">Zarz\u0105dzanie PPC<\/a><\/h5>\n                                    <a class=\"promo-link\" href=\"https:\/\/sisomarketing.com\/pay-per-click-ppc\/\" target=\"_self\" title=\"\" ><span class=\"text\"> <\/span><i class=\"seoicon-right-arrow\"><\/i><\/a>        <\/div>\n        \t\t\t\t<\/div>\n\t\t\t\t<\/div>\n\t\t\t\t\t<\/div>\n\t\t<\/div>\n\t\t\t\t\t<\/div>\n\t\t<\/section>\n\t\t\t\t\t<\/div>\n\t\t<\/div>\n\t\t\t\t\t<\/div>\n\t\t<\/section>\n\t\t\t\t<section class=\"elementor-section elementor-top-section elementor-element elementor-element-2f69d74 elementor-section-stretched elementor-section-boxed elementor-section-height-default elementor-section-height-default\" data-id=\"2f69d74\" data-element_type=\"section\" data-e-type=\"section\" data-settings=\"{&quot;stretch_section&quot;:&quot;section-stretched&quot;,&quot;background_background&quot;:&quot;classic&quot;}\">\n\t\t\t\t\t\t<div class=\"elementor-container elementor-column-gap-default\">\n\t\t\t\t\t<div class=\"elementor-column elementor-col-33 elementor-top-column elementor-element elementor-element-6377c9b\" data-id=\"6377c9b\" data-element_type=\"column\" data-e-type=\"column\">\n\t\t\t<div class=\"elementor-widget-wrap elementor-element-populated\">\n\t\t\t\t\t\t<div class=\"elementor-element elementor-element-ed331e8 elementor-widget elementor-widget-seosight_info_box\" data-id=\"ed331e8\" data-element_type=\"widget\" data-e-type=\"widget\" data-widget_type=\"seosight_info_box.default\">\n\t\t\t\t<div class=\"elementor-widget-container\">\n\t\t\t\t\t        <div class=\"crumina-module crumina-info-box info-box--standard-hover\">\n            <div class=\"info-box-image-cont\">\n                <div class=\"info-box-image\">\n\t\t\t\t\t<img decoding=\"async\" src=\"https:\/\/sisomarketing.com\/wp-content\/uploads\/2020\/01\/map_location_place_3.svg\" class=\"attachment-full size-full\" alt=\"SEO Audyt\" \/>                <\/div>\n            <\/div>\n            <div class=\"info-box-content\">\n\t\t\t\t                    <h5 class=\"info-box-title\">SEO Audyt<\/h5>\n\t\t\t\t\t\t\t\t\t\t\t\t            <\/div>\n        <\/div>\n\t\t\t\t\t\t<\/div>\n\t\t\t\t<\/div>\n\t\t\t\t<div class=\"elementor-element elementor-element-61c8685 elementor-widget elementor-widget-seosight_info_box\" data-id=\"61c8685\" data-element_type=\"widget\" data-e-type=\"widget\" data-widget_type=\"seosight_info_box.default\">\n\t\t\t\t<div class=\"elementor-widget-container\">\n\t\t\t\t\t        <div class=\"crumina-module crumina-info-box info-box--standard-hover\">\n            <div class=\"info-box-image-cont\">\n                <div class=\"info-box-image\">\n\t\t\t\t\t<img decoding=\"async\" src=\"https:\/\/sisomarketing.com\/wp-content\/uploads\/2020\/01\/robot_artificial_intelligence_ai_science.svg\" class=\"attachment-full size-full\" alt=\"SEO techniczne\" \/>                <\/div>\n            <\/div>\n            <div class=\"info-box-content\">\n\t\t\t\t                    <h5 class=\"info-box-title\">SEO Techniczne<\/h5>\n\t\t\t\t\t\t\t\t\t\t\t\t            <\/div>\n        <\/div>\n\t\t\t\t\t\t<\/div>\n\t\t\t\t<\/div>\n\t\t\t\t\t<\/div>\n\t\t<\/div>\n\t\t\t\t<div class=\"elementor-column elementor-col-33 elementor-top-column elementor-element elementor-element-a31b3fd\" data-id=\"a31b3fd\" data-element_type=\"column\" data-e-type=\"column\">\n\t\t\t<div class=\"elementor-widget-wrap elementor-element-populated\">\n\t\t\t\t\t\t<div class=\"elementor-element elementor-element-739814e elementor-widget elementor-widget-seosight_info_box\" data-id=\"739814e\" data-element_type=\"widget\" data-e-type=\"widget\" data-widget_type=\"seosight_info_box.default\">\n\t\t\t\t<div class=\"elementor-widget-container\">\n\t\t\t\t\t        <div class=\"crumina-module crumina-info-box info-box--standard-hover\">\n            <div class=\"info-box-image-cont\">\n                <div class=\"info-box-image\">\n\t\t\t\t\t<img decoding=\"async\" src=\"https:\/\/sisomarketing.com\/wp-content\/uploads\/2016\/12\/1457397347_151.svg\" class=\"attachment-full size-full\" alt=\"Seo copywriting i content\" \/>                <\/div>\n            <\/div>\n            <div class=\"info-box-content\">\n\t\t\t\t                    <h5 class=\"info-box-title\">SEO Content \/ Copywriting<\/h5>\n\t\t\t\t\t\t\t\t\t\t\t\t            <\/div>\n        <\/div>\n\t\t\t\t\t\t<\/div>\n\t\t\t\t<\/div>\n\t\t\t\t<div class=\"elementor-element elementor-element-5675d9d elementor-widget elementor-widget-seosight_info_box\" data-id=\"5675d9d\" data-element_type=\"widget\" data-e-type=\"widget\" data-widget_type=\"seosight_info_box.default\">\n\t\t\t\t<div class=\"elementor-widget-container\">\n\t\t\t\t\t        <div class=\"crumina-module crumina-info-box info-box--standard-hover\">\n            <div class=\"info-box-image-cont\">\n                <div class=\"info-box-image\">\n\t\t\t\t\t<img decoding=\"async\" src=\"https:\/\/sisomarketing.com\/wp-content\/uploads\/2016\/12\/1458085558_targeting.svg\" class=\"attachment-full size-full\" alt=\"Badanie S\u0142\u00f3w Kluczowych\" \/>                <\/div>\n            <\/div>\n            <div class=\"info-box-content\">\n\t\t\t\t                    <h5 class=\"info-box-title\">Badanie S\u0142\u00f3w Kluczowych<\/h5>\n\t\t\t\t\t\t\t\t\t\t\t\t            <\/div>\n        <\/div>\n\t\t\t\t\t\t<\/div>\n\t\t\t\t<\/div>\n\t\t\t\t\t<\/div>\n\t\t<\/div>\n\t\t\t\t<div class=\"elementor-column elementor-col-33 elementor-top-column elementor-element elementor-element-0daf039\" data-id=\"0daf039\" data-element_type=\"column\" data-e-type=\"column\">\n\t\t\t<div class=\"elementor-widget-wrap elementor-element-populated\">\n\t\t\t\t\t\t<div class=\"elementor-element elementor-element-14e7993 elementor-widget elementor-widget-seosight_info_box\" data-id=\"14e7993\" data-element_type=\"widget\" data-e-type=\"widget\" data-widget_type=\"seosight_info_box.default\">\n\t\t\t\t<div class=\"elementor-widget-container\">\n\t\t\t\t\t        <div class=\"crumina-module crumina-info-box info-box--standard-hover\">\n            <div class=\"info-box-image-cont\">\n                <div class=\"info-box-image\">\n\t\t\t\t\t<img decoding=\"async\" src=\"https:\/\/sisomarketing.com\/wp-content\/uploads\/2016\/12\/1457125095_1196_-_Link_Building.svg\" class=\"attachment-full size-full\" alt=\"\" \/>                <\/div>\n            <\/div>\n            <div class=\"info-box-content\">\n\t\t\t\t                    <h5 class=\"info-box-title\">Budowanie Link\u00f3w<\/h5>\n\t\t\t\t\t\t\t\t\t\t\t\t            <\/div>\n        <\/div>\n\t\t\t\t\t\t<\/div>\n\t\t\t\t<\/div>\n\t\t\t\t<div class=\"elementor-element elementor-element-fd80659 elementor-widget elementor-widget-seosight_info_box\" data-id=\"fd80659\" data-element_type=\"widget\" data-e-type=\"widget\" data-widget_type=\"seosight_info_box.default\">\n\t\t\t\t<div class=\"elementor-widget-container\">\n\t\t\t\t\t        <div class=\"crumina-module crumina-info-box info-box--standard-hover\">\n            <div class=\"info-box-image-cont\">\n                <div class=\"info-box-image\">\n\t\t\t\t\t<img decoding=\"async\" src=\"https:\/\/sisomarketing.com\/wp-content\/uploads\/2016\/12\/1457126299_code_optimization.svg\" class=\"attachment-full size-full\" alt=\"\" \/>                <\/div>\n            <\/div>\n            <div class=\"info-box-content\">\n\t\t\t\t                    <h5 class=\"info-box-title\">Projektowanie Stron<\/h5>\n\t\t\t\t\t\t\t\t\t\t\t\t            <\/div>\n        <\/div>\n\t\t\t\t\t\t<\/div>\n\t\t\t\t<\/div>\n\t\t\t\t\t<\/div>\n\t\t<\/div>\n\t\t\t\t\t<\/div>\n\t\t<\/section>\n\t\t\t\t<\/div>\n\t\t","protected":false},"excerpt":{"rendered":"<p>Us\u0142ugi Naszej Agencji Cyfrowej Bezp\u0142atna Analiza SEO Pozycjonowanie Stron Pozycjonowanie Lokalne Social Media Marketing E-mail Marketing Zarz\u0105dzanie PPC SEO Audyt SEO Techniczne SEO Content \/ Copywriting Badanie S\u0142\u00f3w Kluczowych Budowanie Link\u00f3w Projektowanie Stron<\/p>\n<\/p><div class=\"more-link\"><a href=\"https:\/\/sisomarketing.com\/pl\/nasze-uslugi\/\" class=\"btn btn-small btn--dark btn-hover-shadow\"><span class=\"text\">Continue Reading<\/span><i class=\"seoicon-right-arrow\"><\/i><\/a><\/div>","protected":false},"author":1,"featured_media":0,"parent":0,"menu_order":0,"comment_status":"closed","ping_status":"closed","template":"","meta":{"footnotes":""},"class_list":["post-1819","page","type-page","status-publish","hentry"],"yoast_head":"<!-- This site is optimized with the Yoast SEO Premium plugin v25.6 (Yoast SEO v27.0) - https:\/\/yoast.com\/product\/yoast-seo-premium-wordpress\/ -->\n<title>Nasze us\u0142ugi<\/title>\n<meta name=\"robots\" content=\"index, follow, max-snippet:-1, max-image-preview:large, max-video-preview:-1\" \/>\n<link rel=\"canonical\" href=\"https:\/\/sisomarketing.com\/nasze-uslugi\/\" \/>\n<meta property=\"og:locale\" content=\"pl_PL\" \/>\n<meta property=\"og:type\" content=\"article\" \/>\n<meta property=\"og:title\" content=\"Nasze us\u0142ugi\" \/>\n<meta property=\"og:description\" content=\"Us\u0142ugi Naszej Agencji Cyfrowej Bezp\u0142atna Analiza SEO Pozycjonowanie Stron Pozycjonowanie Lokalne Social Media Marketing E-mail Marketing Zarz\u0105dzanie PPC SEO Audyt SEO Techniczne SEO Content \/ Copywriting Badanie S\u0142\u00f3w Kluczowych Budowanie Link\u00f3w Projektowanie Stron\" \/>\n<meta property=\"og:url\" content=\"https:\/\/sisomarketing.com\/nasze-uslugi\/\" \/>\n<meta property=\"og:site_name\" content=\"SISO - Agnecja Marketingowa\" \/>\n<meta property=\"article:modified_time\" content=\"2022-07-19T13:53:20+00:00\" \/>\n<meta property=\"og:image\" content=\"https:\/\/sisomarketing.com\/wp-content\/uploads\/2016\/12\/services1.png\" \/>\n<meta name=\"twitter:card\" content=\"summary_large_image\" \/>\n<meta name=\"twitter:label1\" content=\"Szacowany czas czytania\" \/>\n\t<meta name=\"twitter:data1\" content=\"3 minuty\" \/>\n<script type=\"application\/ld+json\" class=\"yoast-schema-graph\">{\"@context\":\"https:\/\/schema.org\",\"@graph\":[{\"@type\":\"WebPage\",\"@id\":\"https:\/\/sisomarketing.com\/nasze-uslugi\/\",\"url\":\"https:\/\/sisomarketing.com\/nasze-uslugi\/\",\"name\":\"Nasze us\u0142ugi\",\"isPartOf\":{\"@id\":\"https:\/\/sisomarketing.com\/#website\"},\"primaryImageOfPage\":{\"@id\":\"https:\/\/sisomarketing.com\/nasze-uslugi\/#primaryimage\"},\"image\":{\"@id\":\"https:\/\/sisomarketing.com\/nasze-uslugi\/#primaryimage\"},\"thumbnailUrl\":\"https:\/\/sisomarketing.com\/wp-content\/uploads\/2016\/12\/services1.png\",\"datePublished\":\"2020-01-28T11:38:50+00:00\",\"dateModified\":\"2022-07-19T13:53:20+00:00\",\"breadcrumb\":{\"@id\":\"https:\/\/sisomarketing.com\/nasze-uslugi\/#breadcrumb\"},\"inLanguage\":\"pl-PL\",\"potentialAction\":[{\"@type\":\"ReadAction\",\"target\":[\"https:\/\/sisomarketing.com\/nasze-uslugi\/\"]}]},{\"@type\":\"ImageObject\",\"inLanguage\":\"pl-PL\",\"@id\":\"https:\/\/sisomarketing.com\/nasze-uslugi\/#primaryimage\",\"url\":\"https:\/\/sisomarketing.com\/wp-content\/uploads\/2016\/12\/services1.png\",\"contentUrl\":\"https:\/\/sisomarketing.com\/wp-content\/uploads\/2016\/12\/services1.png\"},{\"@type\":\"BreadcrumbList\",\"@id\":\"https:\/\/sisomarketing.com\/nasze-uslugi\/#breadcrumb\",\"itemListElement\":[{\"@type\":\"ListItem\",\"position\":1,\"name\":\"Home\",\"item\":\"https:\/\/sisomarketing.com\/\"},{\"@type\":\"ListItem\",\"position\":2,\"name\":\"Nasze us\u0142ugi\"}]},{\"@type\":\"WebSite\",\"@id\":\"https:\/\/sisomarketing.com\/#website\",\"url\":\"https:\/\/sisomarketing.com\/\",\"name\":\"SISO - Agnecja Marketingowa\",\"description\":\"\",\"potentialAction\":[{\"@type\":\"SearchAction\",\"target\":{\"@type\":\"EntryPoint\",\"urlTemplate\":\"https:\/\/sisomarketing.com\/?s={search_term_string}\"},\"query-input\":{\"@type\":\"PropertyValueSpecification\",\"valueRequired\":true,\"valueName\":\"search_term_string\"}}],\"inLanguage\":\"pl-PL\"}]}<\/script>\n<!-- \/ Yoast SEO Premium plugin. -->","yoast_head_json":{"title":"Nasze us\u0142ugi","robots":{"index":"index","follow":"follow","max-snippet":"max-snippet:-1","max-image-preview":"max-image-preview:large","max-video-preview":"max-video-preview:-1"},"canonical":"https:\/\/sisomarketing.com\/nasze-uslugi\/","og_locale":"pl_PL","og_type":"article","og_title":"Nasze us\u0142ugi","og_description":"Us\u0142ugi Naszej Agencji Cyfrowej Bezp\u0142atna Analiza SEO Pozycjonowanie Stron Pozycjonowanie Lokalne Social Media Marketing E-mail Marketing Zarz\u0105dzanie PPC SEO Audyt SEO Techniczne SEO Content \/ Copywriting Badanie S\u0142\u00f3w Kluczowych Budowanie Link\u00f3w Projektowanie Stron","og_url":"https:\/\/sisomarketing.com\/nasze-uslugi\/","og_site_name":"SISO - Agnecja Marketingowa","article_modified_time":"2022-07-19T13:53:20+00:00","og_image":[{"url":"https:\/\/sisomarketing.com\/wp-content\/uploads\/2016\/12\/services1.png","type":"","width":"","height":""}],"twitter_card":"summary_large_image","twitter_misc":{"Szacowany czas czytania":"3 minuty"},"schema":{"@context":"https:\/\/schema.org","@graph":[{"@type":"WebPage","@id":"https:\/\/sisomarketing.com\/nasze-uslugi\/","url":"https:\/\/sisomarketing.com\/nasze-uslugi\/","name":"Nasze us\u0142ugi","isPartOf":{"@id":"https:\/\/sisomarketing.com\/#website"},"primaryImageOfPage":{"@id":"https:\/\/sisomarketing.com\/nasze-uslugi\/#primaryimage"},"image":{"@id":"https:\/\/sisomarketing.com\/nasze-uslugi\/#primaryimage"},"thumbnailUrl":"https:\/\/sisomarketing.com\/wp-content\/uploads\/2016\/12\/services1.png","datePublished":"2020-01-28T11:38:50+00:00","dateModified":"2022-07-19T13:53:20+00:00","breadcrumb":{"@id":"https:\/\/sisomarketing.com\/nasze-uslugi\/#breadcrumb"},"inLanguage":"pl-PL","potentialAction":[{"@type":"ReadAction","target":["https:\/\/sisomarketing.com\/nasze-uslugi\/"]}]},{"@type":"ImageObject","inLanguage":"pl-PL","@id":"https:\/\/sisomarketing.com\/nasze-uslugi\/#primaryimage","url":"https:\/\/sisomarketing.com\/wp-content\/uploads\/2016\/12\/services1.png","contentUrl":"https:\/\/sisomarketing.com\/wp-content\/uploads\/2016\/12\/services1.png"},{"@type":"BreadcrumbList","@id":"https:\/\/sisomarketing.com\/nasze-uslugi\/#breadcrumb","itemListElement":[{"@type":"ListItem","position":1,"name":"Home","item":"https:\/\/sisomarketing.com\/"},{"@type":"ListItem","position":2,"name":"Nasze us\u0142ugi"}]},{"@type":"WebSite","@id":"https:\/\/sisomarketing.com\/#website","url":"https:\/\/sisomarketing.com\/","name":"SISO - Agnecja Marketingowa","description":"","potentialAction":[{"@type":"SearchAction","target":{"@type":"EntryPoint","urlTemplate":"https:\/\/sisomarketing.com\/?s={search_term_string}"},"query-input":{"@type":"PropertyValueSpecification","valueRequired":true,"valueName":"search_term_string"}}],"inLanguage":"pl-PL"}]}},"_links":{"self":[{"href":"https:\/\/sisomarketing.com\/pl\/wp-json\/wp\/v2\/pages\/1819","targetHints":{"allow":["GET"]}}],"collection":[{"href":"https:\/\/sisomarketing.com\/pl\/wp-json\/wp\/v2\/pages"}],"about":[{"href":"https:\/\/sisomarketing.com\/pl\/wp-json\/wp\/v2\/types\/page"}],"author":[{"embeddable":true,"href":"https:\/\/sisomarketing.com\/pl\/wp-json\/wp\/v2\/users\/1"}],"replies":[{"embeddable":true,"href":"https:\/\/sisomarketing.com\/pl\/wp-json\/wp\/v2\/comments?post=1819"}],"version-history":[{"count":0,"href":"https:\/\/sisomarketing.com\/pl\/wp-json\/wp\/v2\/pages\/1819\/revisions"}],"wp:attachment":[{"href":"https:\/\/sisomarketing.com\/pl\/wp-json\/wp\/v2\/media?parent=1819"}],"curies":[{"name":"wp","href":"https:\/\/api.w.org\/{rel}","templated":true}]}}